{"id":687,"date":"2022-07-26T19:04:11","date_gmt":"2022-07-26T19:04:11","guid":{"rendered":"https:\/\/portaldiadia.com\/?page_id=687"},"modified":"2022-10-27T15:24:45","modified_gmt":"2022-10-27T15:24:45","slug":"quienes-somos","status":"publish","type":"page","link":"https:\/\/portaldiadia.com\/es\/quienes-somos\/","title":{"rendered":"Quienes somos"},"content":{"rendered":"<p>\u00a1Somos Portal Dia Dia y estamos enfocados en brindarte contenido de calidad! Nuestra misi\u00f3n es llevar el conocimiento a todas partes del mundo haciendo un buen uso de la tecnolog\u00eda.<\/p>\n<p>Nuestro equipo est\u00e1 formado por escritores que tienen un conocimiento profundo sobre los temas y categor\u00edas que presentamos en nuestro sitio web.<\/p>\n<p>Por lo tanto, siguiendo nuestra web podr\u00e1s adquirir conocimientos en relaci\u00f3n a diversas facetas, tanto a nivel nacional como global.<\/p>","protected":false},"excerpt":{"rendered":"<p>Somos Portal Dia Dia y nos enfocamos en brindarte contenido de calidad. Nuestra misi\u00f3n es llevar conocimiento a todo el mundo mediante el uso eficiente de la tecnolog\u00eda. Nuestro equipo est\u00e1 formado por redactores con un profundo conocimiento de los temas y categor\u00edas que presentamos en nuestro sitio web. Por lo tanto, al seguir [\u2026]<\/p>","protected":false},"author":1,"featured_media":0,"parent":0,"menu_order":0,"comment_status":"closed","ping_status":"closed","template":"","meta":{"footnotes":""},"class_list":["post-687","page","type-page","status-publish"],"_links":{"self":[{"href":"https:\/\/portaldiadia.com\/es\/wp-json\/wp\/v2\/pages\/687","targetHints":{"allow":["GET"]}}],"collection":[{"href":"https:\/\/portaldiadia.com\/es\/wp-json\/wp\/v2\/pages"}],"about":[{"href":"https:\/\/portaldiadia.com\/es\/wp-json\/wp\/v2\/types\/page"}],"author":[{"embeddable":true,"href":"https:\/\/portaldiadia.com\/es\/wp-json\/wp\/v2\/users\/1"}],"replies":[{"embeddable":true,"href":"https:\/\/portaldiadia.com\/es\/wp-json\/wp\/v2\/comments?post=687"}],"version-history":[{"count":0,"href":"https:\/\/portaldiadia.com\/es\/wp-json\/wp\/v2\/pages\/687\/revisions"}],"wp:attachment":[{"href":"https:\/\/portaldiadia.com\/es\/wp-json\/wp\/v2\/media?parent=687"}],"curies":[{"name":"gracias","href":"https:\/\/api.w.org\/{rel}","templated":true}]}}