{"id":684,"date":"2022-07-26T18:59:40","date_gmt":"2022-07-26T18:59:40","guid":{"rendered":"https:\/\/portaldiadia.com\/?page_id=684"},"modified":"2022-10-27T15:25:02","modified_gmt":"2022-10-27T15:25:02","slug":"condiciones-de-uso","status":"publish","type":"page","link":"https:\/\/portaldiadia.com\/es\/condiciones-de-uso\/","title":{"rendered":"Terminos de uso"},"content":{"rendered":"<p>Para que pueda continuar disfrutando de nuestro sitio web, es esencial que lea y acepte los t\u00e9rminos de uso presentes en esta p\u00e1gina. De esta forma, la relaci\u00f3n de Portal Dia Dia con usted se regir\u00e1 por reglas claras.<\/p>\n<p>Si no est\u00e1 de acuerdo con alguna parte de estos t\u00e9rminos y condiciones, no utilice nuestro sitio web.<\/p>\n<p>A continuaci\u00f3n encontrar\u00e1 las condiciones de uso del Portal Dia Dia:<\/p>\n<ul>\n<li>El contenido de nuestro sitio web puede ser modificado en cualquier d\u00eda. Adem\u00e1s, s\u00f3lo sirven como informaci\u00f3n general.<\/li>\n<li>No ofrecemos ninguna garant\u00eda con respecto al material de este sitio. Puede ser propenso a errores y equivocaciones. Por lo tanto, se pueden realizar ajustes de informaci\u00f3n en cualquier momento.<\/li>\n<li>El uso que usted haga de cualquier informaci\u00f3n o material en este sitio web es bajo su propio riesgo, del cual no seremos responsables.<\/li>\n<li>Es importante que sepas que los enlaces a otros sitios no son nuestra responsabilidad. Est\u00e1n creadas solo para que tengas contenido extra para navegar y as\u00ed obtener m\u00e1s informaci\u00f3n. No tenemos ninguna responsabilidad por el contenido de los sitios web vinculados.<\/li>\n<\/ul>","protected":false},"excerpt":{"rendered":"<p>Para que pueda seguir disfrutando de nuestro sitio web, es fundamental que lea y acepte los t\u00e9rminos de uso de esta p\u00e1gina. De esta forma, la relaci\u00f3n entre Portal Dia Dia y usted se regir\u00e1 por normas claras. Si no est\u00e1 de acuerdo con alguna parte de estos t\u00e9rminos y condiciones, no utilice nuestro sitio web. A continuaci\u00f3n [\u2026]<\/p>","protected":false},"author":1,"featured_media":0,"parent":0,"menu_order":0,"comment_status":"closed","ping_status":"closed","template":"","meta":{"footnotes":""},"class_list":["post-684","page","type-page","status-publish"],"_links":{"self":[{"href":"https:\/\/portaldiadia.com\/es\/wp-json\/wp\/v2\/pages\/684","targetHints":{"allow":["GET"]}}],"collection":[{"href":"https:\/\/portaldiadia.com\/es\/wp-json\/wp\/v2\/pages"}],"about":[{"href":"https:\/\/portaldiadia.com\/es\/wp-json\/wp\/v2\/types\/page"}],"author":[{"embeddable":true,"href":"https:\/\/portaldiadia.com\/es\/wp-json\/wp\/v2\/users\/1"}],"replies":[{"embeddable":true,"href":"https:\/\/portaldiadia.com\/es\/wp-json\/wp\/v2\/comments?post=684"}],"version-history":[{"count":0,"href":"https:\/\/portaldiadia.com\/es\/wp-json\/wp\/v2\/pages\/684\/revisions"}],"wp:attachment":[{"href":"https:\/\/portaldiadia.com\/es\/wp-json\/wp\/v2\/media?parent=684"}],"curies":[{"name":"gracias","href":"https:\/\/api.w.org\/{rel}","templated":true}]}}