{"id":676,"date":"2022-07-26T18:41:20","date_gmt":"2022-07-26T18:41:20","guid":{"rendered":"https:\/\/portaldiadia.com\/?page_id=676"},"modified":"2023-06-28T02:35:58","modified_gmt":"2023-06-28T02:35:58","slug":"politica-de-privacidad","status":"publish","type":"page","link":"https:\/\/portaldiadia.com\/es\/politica-de-privacidad\/","title":{"rendered":"Pol\u00edtica de privacidad"},"content":{"rendered":"<p>La presente Pol\u00edtica de Privacidad establece los t\u00e9rminos bajo los cuales Portal Dia Dia usa y protege la informaci\u00f3n que es proporcionada por sus usuarios al momento de utilizar su sitio web.<\/p>\n<p>Esta empresa est\u00e1 comprometida con la seguridad de los datos de sus usuarios.<\/p>\n<p>Sin embargo, esta Pol\u00edtica de Privacidad puede cambiar con el tiempo o ser actualizada, por lo que le recomendamos y enfatizamos que contin\u00fae revisando esta p\u00e1gina para asegurarse que est\u00e1 de acuerdo con dichos cambios.<\/p>\n<h3>Publicidad personalizada<\/h3>\n<p>Los usuarios pueden optar por no recibir publicidad personalizada accediendo a la <a href=\"https:\/\/adssettings.google.com\/authenticated\">Configuraci\u00f3n de anuncios<\/a>. Alternativamente, puede dirigir a los usuarios para que accedan al sitio. <a href=\"https:\/\/optout.aboutads.info\/?c=2&amp;lang=ES\">www.aboutads.info<\/a> para deshabilitar el uso de cookies de publicidad personalizada de terceros.<\/p>\n<h3>Informaci\u00f3n que se recopila<\/h3>\n<p>Nuestro sitio web puede recopilar informaci\u00f3n personal, como su nombre, informaci\u00f3n de contacto, direcci\u00f3n de correo electr\u00f3nico e informaci\u00f3n demogr\u00e1fica.<\/p>\n<p>Asimismo, cuando sea necesario, se podr\u00e1 requerir informaci\u00f3n espec\u00edfica para procesar un pedido.<\/p>\n<h3>Uso de la informaci\u00f3n recopilada<\/h3>\n<p>Nuestro sitio web utiliza la informaci\u00f3n para brindar el mejor servicio posible, particularmente para realizar un seguimiento de los usuarios y mejorar nuestros productos y servicios.<\/p>\n<p>Portal Dia Dia est\u00e1 altamente comprometido con el cumplimiento del compromiso de mantener segura su informaci\u00f3n. Utilizamos los sistemas m\u00e1s avanzados y los actualizamos constantemente para garantizar que no haya accesos no autorizados.<\/p>\n<h3>Galletas<\/h3>\n<p>Las cookies fueron inventadas a mediados de la d\u00e9cada de 1990 por los estadounidenses John Giannandrea y Lou Montulli.<\/p>\n<p>Las cookies vienen en forma de archivos de texto, que el navegador guarda autom\u00e1ticamente en el disco duro cuando un visitante visita un sitio web.<\/p>\n<p>Las cookies est\u00e1n dise\u00f1adas para mejorar la experiencia del usuario, para permitir que los sitios web recuerden el paso de esa persona.<\/p>\n<p>Las cookies, por lo tanto, jugaron un papel importante en el desarrollo de Internet tal como lo conocemos hoy.<\/p>\n<p>Las cookies no son malware ni virus. Cada cookie tiene una fecha de caducidad, que var\u00eda de un sitio a otro.<\/p>\n<p>Puede aceptar o rechazar el uso de cookies, sin embargo la mayor\u00eda de los navegadores aceptan autom\u00e1ticamente las cookies, ya que sirve para tener un mejor servicio web.<\/p>\n<p>Tambi\u00e9n puede cambiar la configuraci\u00f3n de su computadora para rechazar las cookies. Si se rechazan, es posible que no pueda utilizar algunos de nuestros servicios.<\/p>\n<h3>Enlaces a terceros<\/h3>\n<p>Este sitio web puede contener enlaces a otros sitios web que pueden ser de su inter\u00e9s. Una vez que hace clic en estos enlaces y abandona nuestra p\u00e1gina, ya no tenemos control sobre el sitio web al que es redirigido y, por lo tanto, no somos responsables de los t\u00e9rminos, la privacidad o la protecci\u00f3n de sus datos en estos otros sitios web de terceros.<\/p>\n<p>Estos sitios est\u00e1n sujetos a sus propias pol\u00edticas de privacidad, por lo que le recomendamos que los consulte para confirmar que est\u00e1 de acuerdo con ellas.<\/p>","protected":false},"excerpt":{"rendered":"<p>Esta Pol\u00edtica de Privacidad establece los t\u00e9rminos bajo los cuales Portal Dia Dia usa y protege la informaci\u00f3n proporcionada por sus usuarios al usar su sitio web. Esta empresa est\u00e1 comprometida con la seguridad de los datos de sus usuarios. Sin embargo, esta Pol\u00edtica de Privacidad puede cambiar o actualizarse con el tiempo, por ejemplo, [\u2026]<\/p>","protected":false},"author":1,"featured_media":0,"parent":0,"menu_order":0,"comment_status":"closed","ping_status":"closed","template":"","meta":{"footnotes":""},"class_list":["post-676","page","type-page","status-publish"],"_links":{"self":[{"href":"https:\/\/portaldiadia.com\/es\/wp-json\/wp\/v2\/pages\/676","targetHints":{"allow":["GET"]}}],"collection":[{"href":"https:\/\/portaldiadia.com\/es\/wp-json\/wp\/v2\/pages"}],"about":[{"href":"https:\/\/portaldiadia.com\/es\/wp-json\/wp\/v2\/types\/page"}],"author":[{"embeddable":true,"href":"https:\/\/portaldiadia.com\/es\/wp-json\/wp\/v2\/users\/1"}],"replies":[{"embeddable":true,"href":"https:\/\/portaldiadia.com\/es\/wp-json\/wp\/v2\/comments?post=676"}],"version-history":[{"count":0,"href":"https:\/\/portaldiadia.com\/es\/wp-json\/wp\/v2\/pages\/676\/revisions"}],"wp:attachment":[{"href":"https:\/\/portaldiadia.com\/es\/wp-json\/wp\/v2\/media?parent=676"}],"curies":[{"name":"gracias","href":"https:\/\/api.w.org\/{rel}","templated":true}]}}