{"id":885,"date":"2022-10-27T17:50:53","date_gmt":"2022-10-27T17:50:53","guid":{"rendered":"https:\/\/portaldiadia.com\/?page_id=885"},"modified":"2022-10-27T17:50:53","modified_gmt":"2022-10-27T17:50:53","slug":"haftungsausschluss","status":"publish","type":"page","link":"https:\/\/portaldiadia.com\/de\/haftungsausschluss\/","title":{"rendered":"Haftungsausschluss"},"content":{"rendered":"<p><strong>Aufmerksamkeit:<\/strong> Portal Dia Dia verlangt von seinen Nutzern kein Geld. Wenn Sie also auf der Website surfen und ein Fenster erscheint, in dem Sie dazu aufgefordert werden, teilen Sie uns dies bitte mit und schlie\u00dfen Sie die Website sofort.<\/p>\n<p><strong>Kommentare:<\/strong> Portal Dia Dia ist eine informative Website, die ihren Nutzern stets qualitativ hochwertige Inhalte bieten m\u00f6chte. Aufgrund der Geschwindigkeit, mit der sich Informationen \u00e4ndern, kann es jedoch sein, dass einige Artikel veraltet sind.<\/p>\n<p>Obwohl wir uns bem\u00fchen, unsere Website auf dem neuesten Stand zu halten, \u00fcbernehmen wir keine Verantwortung f\u00fcr Abweichungen von anderen Websites.<\/p>\n<p><strong>Partner:<\/strong> Die Haupteinnahmequelle von Portal Dia Dia ist Werbung. \u00dcber Werbepartner wird die Seite am Gewinn beteiligt. Es muss jedoch klargestellt werden, dass wir nicht f\u00fcr die Werbung verantwortlich sind, die auf dieser Website erscheint.<\/p>\n<p><strong>\u00dcberlegungen:<\/strong> Wenn Sie hochwertige Informationen ben\u00f6tigen, suchen Sie unbedingt nach dem Dia Dia-Portal. Bedenken Sie jedoch auch hier, dass Artikel nicht immer aktualisiert werden. Wenn Sie aktualisierte Inhalte ben\u00f6tigen, suchen Sie daher nach der offiziellen Website.<\/p>","protected":false},"excerpt":{"rendered":"<p>Achtung: Portal Dia Dia verlangt von seinen Nutzern kein Geld. Wenn Sie beim Surfen auf der Website ein Fenster mit der Aufforderung dazu sehen, informieren Sie uns bitte und schlie\u00dfen Sie die Website umgehend. Hinweise: Portal Dia Dia ist eine informative Website, die ihren Nutzern stets qualitativ hochwertige Inhalte bieten m\u00f6chte. Mit [\u2026]<\/p>","protected":false},"author":1,"featured_media":0,"parent":0,"menu_order":0,"comment_status":"closed","ping_status":"closed","template":"","meta":{"footnotes":""},"class_list":["post-885","page","type-page","status-publish"],"_links":{"self":[{"href":"https:\/\/portaldiadia.com\/de\/wp-json\/wp\/v2\/pages\/885","targetHints":{"allow":["GET"]}}],"collection":[{"href":"https:\/\/portaldiadia.com\/de\/wp-json\/wp\/v2\/pages"}],"about":[{"href":"https:\/\/portaldiadia.com\/de\/wp-json\/wp\/v2\/types\/page"}],"author":[{"embeddable":true,"href":"https:\/\/portaldiadia.com\/de\/wp-json\/wp\/v2\/users\/1"}],"replies":[{"embeddable":true,"href":"https:\/\/portaldiadia.com\/de\/wp-json\/wp\/v2\/comments?post=885"}],"version-history":[{"count":0,"href":"https:\/\/portaldiadia.com\/de\/wp-json\/wp\/v2\/pages\/885\/revisions"}],"wp:attachment":[{"href":"https:\/\/portaldiadia.com\/de\/wp-json\/wp\/v2\/media?parent=885"}],"curies":[{"name":"wp","href":"https:\/\/api.w.org\/{rel}","templated":true}]}}