{"id":687,"date":"2022-07-26T19:04:11","date_gmt":"2022-07-26T19:04:11","guid":{"rendered":"https:\/\/portaldiadia.com\/?page_id=687"},"modified":"2022-10-27T15:24:45","modified_gmt":"2022-10-27T15:24:45","slug":"wer-wir-sind","status":"publish","type":"page","link":"https:\/\/portaldiadia.com\/de\/wer-wir-sind\/","title":{"rendered":"Wer wir sind"},"content":{"rendered":"<p>Wir sind Portal Dia Dia und konzentrieren uns darauf, Ihnen qualitativ hochwertige Inhalte bereitzustellen! Unsere Mission ist es, durch den sinnvollen Einsatz von Technologie Wissen in alle Teile der Welt zu bringen.<\/p>\n<p>Unser Team besteht aus Autoren, die \u00fcber fundierte Kenntnisse \u00fcber die Themen und Kategorien verf\u00fcgen, die wir auf unserer Website vorstellen.<\/p>\n<p>Wenn Sie unserer Website folgen, k\u00f6nnen Sie sich daher Wissen \u00fcber verschiedene Aspekte aneignen, sowohl auf nationaler als auch auf globaler Ebene.<\/p>","protected":false},"excerpt":{"rendered":"<p>Wir sind Portal Dia Dia und legen Wert darauf, Ihnen qualitativ hochwertige Inhalte zu bieten! Unsere Mission ist es, Wissen weltweit zu verbreiten, indem wir Technologie optimal nutzen. Unser Team besteht aus Autoren, die sich mit den Themen und Kategorien unserer Website bestens auskennen. Daher [\u2026]<\/p>","protected":false},"author":1,"featured_media":0,"parent":0,"menu_order":0,"comment_status":"closed","ping_status":"closed","template":"","meta":{"footnotes":""},"class_list":["post-687","page","type-page","status-publish"],"_links":{"self":[{"href":"https:\/\/portaldiadia.com\/de\/wp-json\/wp\/v2\/pages\/687","targetHints":{"allow":["GET"]}}],"collection":[{"href":"https:\/\/portaldiadia.com\/de\/wp-json\/wp\/v2\/pages"}],"about":[{"href":"https:\/\/portaldiadia.com\/de\/wp-json\/wp\/v2\/types\/page"}],"author":[{"embeddable":true,"href":"https:\/\/portaldiadia.com\/de\/wp-json\/wp\/v2\/users\/1"}],"replies":[{"embeddable":true,"href":"https:\/\/portaldiadia.com\/de\/wp-json\/wp\/v2\/comments?post=687"}],"version-history":[{"count":0,"href":"https:\/\/portaldiadia.com\/de\/wp-json\/wp\/v2\/pages\/687\/revisions"}],"wp:attachment":[{"href":"https:\/\/portaldiadia.com\/de\/wp-json\/wp\/v2\/media?parent=687"}],"curies":[{"name":"wp","href":"https:\/\/api.w.org\/{rel}","templated":true}]}}