{"id":885,"date":"2022-10-27T17:50:53","date_gmt":"2022-10-27T17:50:53","guid":{"rendered":"https:\/\/portaldiadia.com\/?page_id=885"},"modified":"2022-10-27T17:50:53","modified_gmt":"2022-10-27T17:50:53","slug":"vylouceni-odpovednosti","status":"publish","type":"page","link":"https:\/\/portaldiadia.com\/cs\/vylouceni-odpovednosti\/","title":{"rendered":"Z\u0159eknut\u00ed se odpov\u011bdnosti"},"content":{"rendered":"<p><strong>Pozornost:<\/strong> Port\u00e1l Dia Dia od sv\u00fdch u\u017eivatel\u016f nepo\u017eaduje pen\u00edze. Pokud tedy proch\u00e1z\u00edte web a objev\u00ed se okno s v\u00fdzvou, abyste tak u\u010dinili, dejte n\u00e1m pros\u00edm v\u011bd\u011bt a web okam\u017eit\u011b zav\u0159ete.<\/p>\n<p><strong>koment\u00e1\u0159e:<\/strong> Port\u00e1l Dia Dia je informativn\u00ed web, kter\u00fd chce sv\u00fdm u\u017eivatel\u016fm v\u017edy poskytovat kvalitn\u00ed obsah. S rychlost\u00ed, jakou se informace m\u011bn\u00ed, v\u0161ak mohou b\u00fdt n\u011bkter\u00e9 \u010dl\u00e1nky zastaral\u00e9.<\/p>\n<p>P\u0159esto\u017ee se sna\u017e\u00edme udr\u017eovat na\u0161e webov\u00e9 str\u00e1nky aktu\u00e1ln\u00ed, neneseme odpov\u011bdnost, pokud se n\u011bco li\u0161\u00ed od jin\u00fdch webov\u00fdch str\u00e1nek.<\/p>\n<p><strong>Partne\u0159i:<\/strong> Hlavn\u00edm zdrojem p\u0159\u00edjm\u016f port\u00e1lu Dia Dia je reklama. Prost\u0159ednictv\u00edm reklamn\u00edch partner\u016f z\u00edsk\u00e1v\u00e1 str\u00e1nka pod\u00edl na zisku. Mus\u00ed v\u0161ak b\u00fdt jasn\u00e9, \u017ee nejsme zodpov\u011bdn\u00ed za reklamy, kter\u00e9 se objevuj\u00ed na t\u011bchto webov\u00fdch str\u00e1nk\u00e1ch.<\/p>\n<p><strong>\u00davahy:<\/strong> Pokud pot\u0159ebujete kvalitn\u00ed informace, ur\u010dit\u011b za t\u00edm hledejte port\u00e1l Dia Dia. M\u011bjte v\u0161ak op\u011bt na pam\u011bti, \u017ee \u010dl\u00e1nky nejsou v\u017edy aktualizov\u00e1ny. Pokud tedy pot\u0159ebujete aktualizovan\u00fd obsah, vyhledejte ofici\u00e1ln\u00ed web.<\/p>","protected":false},"excerpt":{"rendered":"<p>Upozorn\u011bn\u00ed: Port\u00e1l Dia Dia od sv\u00fdch u\u017eivatel\u016f nepo\u017eaduje pen\u00edze. Pokud se tedy p\u0159i prohl\u00ed\u017een\u00ed webu zobraz\u00ed okno s \u017e\u00e1dost\u00ed o zaplacen\u00ed, dejte n\u00e1m v\u011bd\u011bt a web okam\u017eit\u011b zav\u0159ete. Pozn\u00e1mky: Port\u00e1l Dia Dia je informativn\u00ed web, kter\u00fd chce sv\u00fdm u\u017eivatel\u016fm v\u017edy poskytovat kvalitn\u00ed obsah. Nicm\u00e9n\u011b s [\u2026]<\/p>","protected":false},"author":1,"featured_media":0,"parent":0,"menu_order":0,"comment_status":"closed","ping_status":"closed","template":"","meta":{"footnotes":""},"class_list":["post-885","page","type-page","status-publish"],"_links":{"self":[{"href":"https:\/\/portaldiadia.com\/cs\/wp-json\/wp\/v2\/pages\/885","targetHints":{"allow":["GET"]}}],"collection":[{"href":"https:\/\/portaldiadia.com\/cs\/wp-json\/wp\/v2\/pages"}],"about":[{"href":"https:\/\/portaldiadia.com\/cs\/wp-json\/wp\/v2\/types\/page"}],"author":[{"embeddable":true,"href":"https:\/\/portaldiadia.com\/cs\/wp-json\/wp\/v2\/users\/1"}],"replies":[{"embeddable":true,"href":"https:\/\/portaldiadia.com\/cs\/wp-json\/wp\/v2\/comments?post=885"}],"version-history":[{"count":0,"href":"https:\/\/portaldiadia.com\/cs\/wp-json\/wp\/v2\/pages\/885\/revisions"}],"wp:attachment":[{"href":"https:\/\/portaldiadia.com\/cs\/wp-json\/wp\/v2\/media?parent=885"}],"curies":[{"name":"wp","href":"https:\/\/api.w.org\/{rel}","templated":true}]}}