{"id":687,"date":"2022-07-26T19:04:11","date_gmt":"2022-07-26T19:04:11","guid":{"rendered":"https:\/\/portaldiadia.com\/?page_id=687"},"modified":"2022-10-27T15:24:45","modified_gmt":"2022-10-27T15:24:45","slug":"kdo-jsme","status":"publish","type":"page","link":"https:\/\/portaldiadia.com\/cs\/kdo-jsme\/","title":{"rendered":"Kdo jsme"},"content":{"rendered":"<p>Jsme Portal Dia Dia a zam\u011b\u0159ujeme se na to, abychom v\u00e1m p\u0159in\u00e1\u0161eli kvalitn\u00ed obsah! Na\u0161\u00edm posl\u00e1n\u00edm je p\u0159in\u00e1\u0161et znalosti do v\u0161ech \u010d\u00e1st\u00ed sv\u011bta dobr\u00fdm vyu\u017e\u00edv\u00e1n\u00edm technologi\u00ed.<\/p>\n<p>N\u00e1\u0161 t\u00fdm se skl\u00e1d\u00e1 z autor\u016f, kte\u0159\u00ed maj\u00ed hlubok\u00e9 znalosti o t\u00e9matech a kategori\u00edch, kter\u00e9 uv\u00e1d\u00edme na na\u0161ich webov\u00fdch str\u00e1nk\u00e1ch.<\/p>\n<p>Sledov\u00e1n\u00edm na\u0161ich webov\u00fdch str\u00e1nek proto budete moci z\u00edskat znalosti ve vztahu k r\u016fzn\u00fdm aspekt\u016fm, jak na n\u00e1rodn\u00ed, tak na celosv\u011btov\u00e9 \u00farovni.<\/p>","protected":false},"excerpt":{"rendered":"<p>Jsme Portal Dia Dia a zam\u011b\u0159ujeme se na to, abychom v\u00e1m p\u0159in\u00e1\u0161eli kvalitn\u00ed obsah! Na\u0161\u00edm posl\u00e1n\u00edm je \u0161\u00ed\u0159it znalosti do v\u0161ech \u010d\u00e1st\u00ed sv\u011bta s vyu\u017eit\u00edm technologi\u00ed. N\u00e1\u0161 t\u00fdm se skl\u00e1d\u00e1 z autor\u016f, kte\u0159\u00ed maj\u00ed hlubok\u00e9 znalosti o t\u00e9matech a kategori\u00edch, kter\u00e9 na na\u0161ich webov\u00fdch str\u00e1nk\u00e1ch p\u0159in\u00e1\u0161\u00edme. Proto p\u0159i sledov\u00e1n\u00ed [\u2026]<\/p>","protected":false},"author":1,"featured_media":0,"parent":0,"menu_order":0,"comment_status":"closed","ping_status":"closed","template":"","meta":{"footnotes":""},"class_list":["post-687","page","type-page","status-publish"],"_links":{"self":[{"href":"https:\/\/portaldiadia.com\/cs\/wp-json\/wp\/v2\/pages\/687","targetHints":{"allow":["GET"]}}],"collection":[{"href":"https:\/\/portaldiadia.com\/cs\/wp-json\/wp\/v2\/pages"}],"about":[{"href":"https:\/\/portaldiadia.com\/cs\/wp-json\/wp\/v2\/types\/page"}],"author":[{"embeddable":true,"href":"https:\/\/portaldiadia.com\/cs\/wp-json\/wp\/v2\/users\/1"}],"replies":[{"embeddable":true,"href":"https:\/\/portaldiadia.com\/cs\/wp-json\/wp\/v2\/comments?post=687"}],"version-history":[{"count":0,"href":"https:\/\/portaldiadia.com\/cs\/wp-json\/wp\/v2\/pages\/687\/revisions"}],"wp:attachment":[{"href":"https:\/\/portaldiadia.com\/cs\/wp-json\/wp\/v2\/media?parent=687"}],"curies":[{"name":"wp","href":"https:\/\/api.w.org\/{rel}","templated":true}]}}