{"id":684,"date":"2022-07-26T18:59:40","date_gmt":"2022-07-26T18:59:40","guid":{"rendered":"https:\/\/portaldiadia.com\/?page_id=684"},"modified":"2022-10-27T15:25:02","modified_gmt":"2022-10-27T15:25:02","slug":"podminky-pouziti","status":"publish","type":"page","link":"https:\/\/portaldiadia.com\/cs\/podminky-pouziti\/","title":{"rendered":"Podm\u00ednky pou\u017eit\u00ed"},"content":{"rendered":"<p>Aby se v\u00e1m na\u0161e webov\u00e9 str\u00e1nky i nad\u00e1le l\u00edbily, je nezbytn\u00e9, abyste si p\u0159e\u010detli podm\u00ednky pou\u017eit\u00ed uveden\u00e9 na t\u00e9to str\u00e1nce a souhlasili s nimi. Vztah Portal Dia Dia s v\u00e1mi se tak bude \u0159\u00eddit jasn\u00fdmi pravidly.<\/p>\n<p>Pokud nesouhlas\u00edte s jakoukoli \u010d\u00e1st\u00ed t\u011bchto podm\u00ednek, nepou\u017e\u00edvejte na\u0161e webov\u00e9 str\u00e1nky.<\/p>\n<p>N\u00ed\u017ee naleznete podm\u00ednky pou\u017e\u00edv\u00e1n\u00ed port\u00e1lu Dia Dia:<\/p>\n<ul>\n<li>Obsah na\u0161ich webov\u00fdch str\u00e1nek se m\u016f\u017ee kdykoli zm\u011bnit. Nav\u00edc slou\u017e\u00ed pouze jako obecn\u00e9 informace.<\/li>\n<li>Na materi\u00e1l na t\u00e9to str\u00e1nce neposkytujeme \u017e\u00e1dnou z\u00e1ruku. M\u016f\u017ee b\u00fdt n\u00e1chyln\u00fd k chyb\u00e1m a omyl\u016fm. \u00dadaje lze tedy kdykoli upravit.<\/li>\n<li>Va\u0161e pou\u017eit\u00ed jak\u00fdchkoli informac\u00ed nebo materi\u00e1l\u016f na t\u00e9to webov\u00e9 str\u00e1nce je zcela na va\u0161e vlastn\u00ed riziko, za kter\u00e9 neneseme odpov\u011bdnost.<\/li>\n<li>Je d\u016fle\u017eit\u00e9, abyste v\u011bd\u011bli, \u017ee odkazy na jin\u00e9 str\u00e1nky nejsou na\u0161\u00ed odpov\u011bdnost\u00ed. Jsou vytvo\u0159eny jen proto, abyste m\u011bli obsah nav\u00edc k proch\u00e1zen\u00ed a z\u00edskali tak v\u00edce informac\u00ed. Neneseme \u017e\u00e1dnou odpov\u011bdnost za obsah odkazovan\u00fdch webov\u00fdch str\u00e1nek.<\/li>\n<\/ul>","protected":false},"excerpt":{"rendered":"<p>Abyste mohli i nad\u00e1le vyu\u017e\u00edvat na\u0161e webov\u00e9 str\u00e1nky, je nezbytn\u00e9, abyste si p\u0159e\u010detli a souhlasili s podm\u00ednkami pou\u017e\u00edv\u00e1n\u00ed uveden\u00fdmi na t\u00e9to str\u00e1nce. T\u00edmto zp\u016fsobem se vztah mezi Portal Dia Dia a v\u00e1mi bude \u0159\u00eddit jasn\u00fdmi pravidly. Pokud s jakoukoli \u010d\u00e1st\u00ed t\u011bchto podm\u00ednek nesouhlas\u00edte, nepou\u017e\u00edvejte na\u0161e webov\u00e9 str\u00e1nky. N\u00ed\u017ee [\u2026]<\/p>","protected":false},"author":1,"featured_media":0,"parent":0,"menu_order":0,"comment_status":"closed","ping_status":"closed","template":"","meta":{"footnotes":""},"class_list":["post-684","page","type-page","status-publish"],"_links":{"self":[{"href":"https:\/\/portaldiadia.com\/cs\/wp-json\/wp\/v2\/pages\/684","targetHints":{"allow":["GET"]}}],"collection":[{"href":"https:\/\/portaldiadia.com\/cs\/wp-json\/wp\/v2\/pages"}],"about":[{"href":"https:\/\/portaldiadia.com\/cs\/wp-json\/wp\/v2\/types\/page"}],"author":[{"embeddable":true,"href":"https:\/\/portaldiadia.com\/cs\/wp-json\/wp\/v2\/users\/1"}],"replies":[{"embeddable":true,"href":"https:\/\/portaldiadia.com\/cs\/wp-json\/wp\/v2\/comments?post=684"}],"version-history":[{"count":0,"href":"https:\/\/portaldiadia.com\/cs\/wp-json\/wp\/v2\/pages\/684\/revisions"}],"wp:attachment":[{"href":"https:\/\/portaldiadia.com\/cs\/wp-json\/wp\/v2\/media?parent=684"}],"curies":[{"name":"wp","href":"https:\/\/api.w.org\/{rel}","templated":true}]}}