{"id":676,"date":"2022-07-26T18:41:20","date_gmt":"2022-07-26T18:41:20","guid":{"rendered":"https:\/\/portaldiadia.com\/?page_id=676"},"modified":"2023-06-28T02:35:58","modified_gmt":"2023-06-28T02:35:58","slug":"zasady-ochrany-osobnich-udaju","status":"publish","type":"page","link":"https:\/\/portaldiadia.com\/cs\/zasady-ochrany-osobnich-udaju\/","title":{"rendered":"Z\u00e1sady ochrany osobn\u00edch \u00fadaj\u016f"},"content":{"rendered":"<p>Tyto Z\u00e1sady ochrany osobn\u00edch \u00fadaj\u016f stanovuj\u00ed podm\u00ednky, za kter\u00fdch Portal Dia Dia pou\u017e\u00edv\u00e1 a chr\u00e1n\u00ed informace poskytnut\u00e9 jeho u\u017eivateli p\u0159i pou\u017e\u00edv\u00e1n\u00ed jeho webov\u00fdch str\u00e1nek.<\/p>\n<p>Tato spole\u010dnost se zav\u00e1zala k bezpe\u010dnosti dat sv\u00fdch u\u017eivatel\u016f.<\/p>\n<p>Tyto Z\u00e1sady ochrany osobn\u00edch \u00fadaj\u016f se v\u0161ak mohou v pr\u016fb\u011bhu \u010dasu m\u011bnit nebo b\u00fdt aktualizov\u00e1ny, proto doporu\u010dujeme a zd\u016fraz\u0148ujeme, \u017ee tuto str\u00e1nku neust\u00e1le kontrolujete, abyste se ujistili, \u017ee s takov\u00fdmi zm\u011bnami souhlas\u00edte.<\/p>\n<h3>Personalizovan\u00e1 reklama<\/h3>\n<p>U\u017eivatel\u00e9 se mohou odhl\u00e1sit z personalizovan\u00e9 reklamy n\u00e1v\u0161t\u011bvou str\u00e1nky <a href=\"https:\/\/adssettings.google.com\/authenticated\">Nastaven\u00ed reklam<\/a>. P\u0159\u00edpadn\u011b m\u016f\u017eete u\u017eivatele nasm\u011brovat na p\u0159\u00edstup k webu <a href=\"https:\/\/optout.aboutads.info\/?c=2&amp;lang=ES\">www.aboutads.info<\/a> zak\u00e1zat pou\u017e\u00edv\u00e1n\u00ed personalizovan\u00fdch reklamn\u00edch cookies t\u0159et\u00edch stran.<\/p>\n<h3>Informace, kter\u00e9 se shroma\u017e\u010fuj\u00ed<\/h3>\n<p>Na\u0161e webov\u00e9 str\u00e1nky mohou shroma\u017e\u010fovat osobn\u00ed \u00fadaje, jako jsou: Jm\u00e9no, kontaktn\u00ed \u00fadaje, e-mailov\u00e1 adresa a demografick\u00e9 \u00fadaje.<\/p>\n<p>Podobn\u011b mohou b\u00fdt v p\u0159\u00edpad\u011b pot\u0159eby vy\u017eadov\u00e1ny specifick\u00e9 informace pro zpracov\u00e1n\u00ed objedn\u00e1vky.<\/p>\n<h3>Pou\u017eit\u00ed shrom\u00e1\u017ed\u011bn\u00fdch informac\u00ed<\/h3>\n<p>Na\u0161e webov\u00e9 str\u00e1nky pou\u017e\u00edvaj\u00ed informace k poskytov\u00e1n\u00ed nejlep\u0161\u00edch mo\u017en\u00fdch slu\u017eeb, zejm\u00e9na ke sledov\u00e1n\u00ed u\u017eivatel\u016f a zlep\u0161ov\u00e1n\u00ed na\u0161ich produkt\u016f a slu\u017eeb.<\/p>\n<p>Portal Dia Dia je vysoce odhodl\u00e1na plnit sv\u016fj z\u00e1vazek udr\u017eovat va\u0161e informace v bezpe\u010d\u00ed. Pou\u017e\u00edv\u00e1me nejmodern\u011bj\u0161\u00ed syst\u00e9my a neust\u00e1le je aktualizujeme, abychom zajistili, \u017ee nedojde k neopr\u00e1vn\u011bn\u00e9mu p\u0159\u00edstupu.<\/p>\n<h3>Soubory cookie<\/h3>\n<p>Cookies vynalezli v polovin\u011b 90. let Ameri\u010dan\u00e9 John Giannandrea a Lou Montulli.<\/p>\n<p>Soubory cookie p\u0159ich\u00e1zej\u00ed ve form\u011b textov\u00fdch soubor\u016f, kter\u00e9 prohl\u00ed\u017ee\u010d automaticky ukl\u00e1d\u00e1 na pevn\u00fd disk, kdy\u017e n\u00e1v\u0161t\u011bvn\u00edk nav\u0161t\u00edv\u00ed webovou str\u00e1nku.<\/p>\n<p>Soubory cookie jsou navr\u017eeny tak, aby zlep\u0161ily u\u017eivatelsk\u00fd dojem a umo\u017enily webov\u00fdm str\u00e1nk\u00e1m zapamatovat si n\u00e1v\u0161t\u011bvu dan\u00e9 osoby.<\/p>\n<p>Cookies proto hr\u00e1ly d\u016fle\u017eitou roli ve v\u00fdvoji internetu, jak jej zn\u00e1me dnes.<\/p>\n<p>Cookies nejsou malware nebo viry. Ka\u017ed\u00fd soubor cookie m\u00e1 datum vypr\u0161en\u00ed platnosti, kter\u00e9 se li\u0161\u00ed v z\u00e1vislosti na webu.<\/p>\n<p>Pou\u017e\u00edv\u00e1n\u00ed soubor\u016f cookie m\u016f\u017eete p\u0159ijmout nebo odm\u00edtnout, ale v\u011bt\u0161ina prohl\u00ed\u017ee\u010d\u016f soubory cookie automaticky p\u0159ij\u00edm\u00e1, proto\u017ee slou\u017e\u00ed k poskytov\u00e1n\u00ed lep\u0161\u00edch webov\u00fdch slu\u017eeb.<\/p>\n<p>M\u016f\u017eete tak\u00e9 zm\u011bnit nastaven\u00ed po\u010d\u00edta\u010de tak, aby cookies odm\u00edtal. Pokud budou odm\u00edtnuty, mo\u017en\u00e1 nebudete moci pou\u017e\u00edvat n\u011bkter\u00e9 z na\u0161ich slu\u017eeb.<\/p>\n<h3>Odkazy na t\u0159et\u00ed strany<\/h3>\n<p>Tato webov\u00e1 str\u00e1nka m\u016f\u017ee obsahovat odkazy na jin\u00e9 webov\u00e9 str\u00e1nky, kter\u00e9 by v\u00e1s mohly zaj\u00edmat. Jakmile kliknete na tyto odkazy a opust\u00edte na\u0161i str\u00e1nku, ji\u017e nem\u00e1me kontrolu nad webovou str\u00e1nkou, na kterou jste p\u0159esm\u011brov\u00e1ni, a proto neneseme odpov\u011bdnost za podm\u00ednky nebo soukrom\u00ed nebo ochranu va\u0161ich \u00fadaj\u016f na t\u011bchto jin\u00fdch webov\u00fdch str\u00e1nk\u00e1ch t\u0159et\u00edch stran.<\/p>\n<p>Tyto str\u00e1nky podl\u00e9haj\u00ed jejich vlastn\u00edm z\u00e1sad\u00e1m ochrany osobn\u00edch \u00fadaj\u016f, proto v\u00e1m doporu\u010dujeme zkontrolovat je a potvrdit, \u017ee s nimi souhlas\u00edte.<\/p>","protected":false},"excerpt":{"rendered":"<p>Tyto Z\u00e1sady ochrany osobn\u00edch \u00fadaj\u016f stanov\u00ed podm\u00ednky, za kter\u00fdch spole\u010dnost Portal Dia Dia pou\u017e\u00edv\u00e1 a chr\u00e1n\u00ed informace, kter\u00e9 poskytuj\u00ed jej\u00ed u\u017eivatel\u00e9 p\u0159i pou\u017e\u00edv\u00e1n\u00ed jej\u00edch webov\u00fdch str\u00e1nek. Tato spole\u010dnost se zavazuje k bezpe\u010dnosti dat sv\u00fdch u\u017eivatel\u016f. Tyto Z\u00e1sady ochrany osobn\u00edch \u00fadaj\u016f se v\u0161ak mohou v pr\u016fb\u011bhu \u010dasu m\u011bnit nebo aktualizovat, nap\u0159\u00edklad [\u2026]<\/p>","protected":false},"author":1,"featured_media":0,"parent":0,"menu_order":0,"comment_status":"closed","ping_status":"closed","template":"","meta":{"footnotes":""},"class_list":["post-676","page","type-page","status-publish"],"_links":{"self":[{"href":"https:\/\/portaldiadia.com\/cs\/wp-json\/wp\/v2\/pages\/676","targetHints":{"allow":["GET"]}}],"collection":[{"href":"https:\/\/portaldiadia.com\/cs\/wp-json\/wp\/v2\/pages"}],"about":[{"href":"https:\/\/portaldiadia.com\/cs\/wp-json\/wp\/v2\/types\/page"}],"author":[{"embeddable":true,"href":"https:\/\/portaldiadia.com\/cs\/wp-json\/wp\/v2\/users\/1"}],"replies":[{"embeddable":true,"href":"https:\/\/portaldiadia.com\/cs\/wp-json\/wp\/v2\/comments?post=676"}],"version-history":[{"count":0,"href":"https:\/\/portaldiadia.com\/cs\/wp-json\/wp\/v2\/pages\/676\/revisions"}],"wp:attachment":[{"href":"https:\/\/portaldiadia.com\/cs\/wp-json\/wp\/v2\/media?parent=676"}],"curies":[{"name":"wp","href":"https:\/\/api.w.org\/{rel}","templated":true}]}}